{"id":1119,"date":"2020-09-03T13:39:56","date_gmt":"2020-09-03T13:39:56","guid":{"rendered":"http:\/\/97.107.129.24\/?page_id=1119"},"modified":"2024-08-27T06:25:40","modified_gmt":"2024-08-27T06:25:40","slug":"anchor-croatia-privacy-policy","status":"publish","type":"page","link":"https:\/\/www.anchorcroatia.com\/de\/anchor-croatia-privacy-policy\/","title":{"rendered":"Datenschutzrichtlinie von Anchor Croatia"},"content":{"rendered":"<h1 style=\"text-align: center;\">Datenschutzrichtlinie von Anchor Croatia<\/h1>\n<p>&nbsp;<\/p>\n<p>Diese Erkl\u00e4rung zum Schutz personenbezogener Daten von Anchor Yachting d.o.o. gilt ab dem 29. August 2020 und basiert auf der Datenschutz-Grundverordnung.<br \/>\nDiese Erkl\u00e4rung erl\u00e4utert, welche Daten wir erheben, f\u00fcr welche Zwecke wir sie verwenden und wie wir sie verwalten.<br \/>\nVerantwortlicher f\u00fcr die Datenverarbeitung:<br \/>\nAnchor Yachting d.o.o.<br \/>\nPut Bude\u0161eva 26<br \/>\n21 312 Podstrana- Sita, Croatia<br \/>\nMBS 110008364<br \/>\nOIB 91864246925<\/p>\n<p>&nbsp;<\/p>\n<p>Anchor Yachting d.o.o. verarbeitet Ihre personenbezogenen Daten gem\u00e4\u00df der Verordnung (EU) 2016\/679 zum Schutz nat\u00fcrlicher Personen bei der Verarbeitung personenbezogener Daten und zum freien Datenverkehr sowie den auf dieser Verordnung basierenden nationalen Gesetzen unter Anwendung von geeignete technische und Sicherheitsma\u00dfnahmen zum Schutz personenbezogener Daten vor unbefugtem Zugriff, Missbrauch, Entdeckung, Verlust oder Zerst\u00f6rung.<br \/>\nWir, Anchor Yachting d.o.o., verpflichten uns, die personenbezogenen Daten des Kunden zu sch\u00fctzen, indem wir nur wesentliche Basisinformationen \u00fcber G\u00e4ste\/Endbenutzer sammeln, die zur Erf\u00fcllung der Verpflichtungen von Anchor Yachting d.o.o erforderlich sind; Wir informieren Kunden \u00fcber die Datenerhebung und geben ihnen regelm\u00e4\u00dfig die M\u00f6glichkeit, \u00fcber ihre Daten zu entscheiden, einschlie\u00dflich der Entscheidung, ob ihr Name in den f\u00fcr Marketingkampagnen verwendeten Listen verwendet oder daraus entfernt werden soll. Alle bereitgestellten Informationen werden streng vertraulich behandelt und sind nur den Mitarbeitern zug\u00e4nglich, die diese Informationen zur Erf\u00fcllung ihrer Arbeit ben\u00f6tigen. Alle unsere Mitarbeiter und Gesch\u00e4ftspartner sind f\u00fcr die Einhaltung der Richtlinienregeln verantwortlich.<br \/>\nAnchor Yachting d.o.o. verpflichtet sich, die im Formular enthaltenen personenbezogenen Daten nicht zu missbrauchen. Als personenbezogene Daten gelten alle Daten, die zur Feststellung der Identit\u00e4t des K\u00e4ufers dienen (z. B. Vor- und Nachname, E-Mail-Adresse, Wohnadresse etc.).<br \/>\nAnchor Yachting d.o.o. wird die personenbezogenen Daten des K\u00e4ufers weder an Dritte weitergeben noch offenlegen, au\u00dfer in F\u00e4llen, in denen solche Ma\u00dfnahmen durch das geltende Recht streng vorgeschrieben sind und in F\u00e4llen, in denen solche Ma\u00dfnahmen zur Erf\u00fcllung von Verpflichtungen erforderlich sind.<br \/>\nAlle Informationen des K\u00e4ufers sind streng gesch\u00fctzt und stehen nur den Mitarbeitern zur Verf\u00fcgung, die diese Informationen zur Erf\u00fcllung ihrer Aufgaben ben\u00f6tigen. Alle Mitarbeiter und Gesch\u00e4ftspartner von Anchor Yachting d.o.o. sind f\u00fcr die Einhaltung der Datenschutzgrunds\u00e4tze verantwortlich.<br \/>\nAnchor Yachting d.o.o. ist verpflichtet, den Schutz der personenbezogenen Daten des K\u00e4ufers zu gew\u00e4hrleisten, indem es nur grundlegende Informationen \u00fcber den K\u00e4ufer sammelt, d. h. nur Informationen, die f\u00fcr die Erf\u00fcllung seiner Verpflichtungen erforderlich sind.<br \/>\nAnchor Yachting d.o.o. hat das Recht, Informationen, die bei jedem Besuch der Website automatisch aufgezeichnet werden und nicht als personenbezogene Daten gelten (verwendeter Browser, Anzahl der Besuche, auf der Website verbrachte Zeit usw.), ausschlie\u00dflich zum Zwecke der Sch\u00e4tzung der Website-Besuche zu verwenden zur Verbesserung des Website-Inhalts und der Funktionalit\u00e4t.<br \/>\nAnchor Yachting d.o.o. informiert alle K\u00e4ufer \u00fcber die Verwendung der gesammelten Daten und bietet seinen K\u00e4ufern regelm\u00e4\u00dfig die Wahl, wenn es um die Verwendung ihrer Informationen geht, einschlie\u00dflich der M\u00f6glichkeit f\u00fcr einen K\u00e4ufer, zu entscheiden, ob er\/sie m\u00f6chte, dass sein\/ihr Name aus den verwendeten Listen entfernt wird bei Marketingkampagnen.<br \/>\nIn a case of change of any personal information (for example, home address, reservation number etc.) that was provided during a registration process, the Buyer is obliged to inform Anchor Yachting d.o.o. about such changes. In a case that Anchor Yachting d.o.o. was not informed of such changes mentioned above, Anchor Yachting d.o.o. shall not be considered responsible not viable regarding any reservation problems.<\/p>\n<p>&nbsp;<\/p>\n<p><span class=\"subtitle\">Cookies<\/span><\/p>\n<p>\u201eCookies\u201c sind kleine Dateien, die auf den Computern der Nutzer gespeichert werden. Innerhalb der Cookies k\u00f6nnen unterschiedliche Informationen gespeichert werden. Ein Cookie dient prim\u00e4r dazu, die Angaben zu einem Nutzer (bzw. dem Ger\u00e4t auf dem das Cookie gespeichert ist) w\u00e4hrend oder auch nach seinem Besuch innerhalb eines Onlineangebotes zu speichern. Wir verwenden Cookies, um h\u00e4ufig verwendete Websites zu erkennen. Dies hilft uns, die Daten \u00fcber den Website-Verkehr zu analysieren und unsere Website zu verbessern, um sie an die Bed\u00fcrfnisse unserer Kunden anzupassen. Au\u00dferdem werden diese Daten nur zu statistischen Zwecken verwendet und anschlie\u00dfend aus dem System entfernt.<br \/>\nWenn Sie unsere Website besuchen, erfasst unser Server automatisch Informationen \u00fcber die IP-Adresse Ihres Computers, Ihren Browsertyp, Dom\u00e4nennamen und Zugriffszeiten, die wir f\u00fcr unsere internen statistischen oder Analysezwecke verwenden.<br \/>\nFalls die Nutzer nicht m\u00f6chten, dass Cookies auf ihrem Rechner gespeichert werden, werden sie gebeten, die entsprechende Option in den Systemeinstellungen ihres Browsers zu deaktivieren. Gespeicherte Cookies k\u00f6nnen in den Systemeinstellungen des Browsers gel\u00f6scht werden. Der Ausschluss von Cookies kann zu Funktionseinschr\u00e4nkungen dieses Onlineangebotes f\u00fchren.<\/p>\n<p>&nbsp;<\/p>\n<p><span class=\"subtitle\">Google Analytics<\/span><\/p>\n<p>Diese Website nutzt Google Analytics, um die Nutzung dieser Website zu analysieren. Google Analytics verwendet Cookies, um Standard-Internetprotokollinformationen und Informationen zum Besucherverhalten in anonymer Form zu sammeln. Die durch den Cookie erzeugten Informationen \u00fcber Ihre Nutzung der Website (einschlie\u00dflich IP-Adresse) werden an Google \u00fcbertragen. Diese Informationen werden dann verwendet, um die Nutzung der Website durch Besucher auszuwerten und statistische Berichte \u00fcber die Website-Aktivit\u00e4t zu erstellen. Die Datenschutzerkl\u00e4rung von Google finden Sie unter: http:\/\/www.google.com\/privacypolicy.html<\/p>\n<p>&nbsp;<\/p>\n<p><span class=\"subtitle\">Benutzerdefinierte Zielgruppe (Facebook)<\/span><\/p>\n<p>Wir behalten uns das Recht vor, an der Custom Audience von Facebook.com teilzunehmen, die es uns erm\u00f6glicht, Personen auf unseren E-Mail-Listen gezielte, personalisierte Anzeigen anzuzeigen, wenn sie Facebook.com besuchen. Die Anzeigen basieren auf Ihren Erfahrungen auf unserer Website. Es werden keine personenbezogenen Daten an Facebook weitergegeben. Mit der benutzerdefinierten Zielgruppe k\u00f6nnen wir Ihre E-Mail-Adresse in eine eindeutige Nummer umwandeln, die Facebook verwendet, um sie mit eindeutigen Nummern abzugleichen, die Facebook aus den E-Mail-Adressen seiner Benutzer generiert. Sie k\u00f6nnen sich von der Teilnahme an unserer Facebook Custom Audience abmelden, indem Sie eine E-Mail von der E-Mail-Adresse, von der Sie sich abmelden, an die E-Mail-Adresse senden, die Sie unten in unseren Kontaktinformationen angegeben haben. Damit Ihre Abmeldung wirksam wird, m\u00fcssen Sie www.facebook.com\/help\/247395082112892 besuchen<\/p>\n<p>&nbsp;<\/p>\n<p><span class=\"subtitle\">Facebook pixel \/ conversion tracking<\/span><\/p>\n<p>Mit Ihrer Einwilligung nutzen unsere Websites den Conversion-Tracking-Pixel-Dienst von Facebook. Auf diese Weise k\u00f6nnen wir Ihre Aktionen verfolgen, sobald Sie durch Klicken auf eine Facebook-Werbeanzeige weitergeleitet werden, und wir k\u00f6nnen auch die Wirksamkeit von Facebook-Werbeanzeigen f\u00fcr statistische und Marktforschungszwecke verfolgen. Die von uns erfassten Daten sind f\u00fcr uns v\u00f6llig anonym. Allerdings werden die erhobenen Daten von Facebook gespeichert und verarbeitet (gem\u00e4\u00df der Datenverwendungsrichtlinie von Facebook, einsehbar unter: https:\/\/www.facebook.com\/about\/privacy\/). Facebook Conversion Tracking erm\u00f6glicht es Facebook und seinen Partnern au\u00dferdem, Ihnen Werbung auf und au\u00dferhalb von Facebook anzuzeigen. Dar\u00fcber hinaus wird zu diesen Zwecken ein Cookie auf Ihrem Rechner gespeichert. (Bitte klicken Sie hier, wenn Sie Ihre Einwilligung widerrufen m\u00f6chten: https:\/\/www.facebook.com\/ads\/website_custom_audiences\/.)<\/p>\n<p>&nbsp;<\/p>\n<p><span class=\"subtitle\">Eingebetteter Inhalt von anderen Websites<\/span><\/p>\n<p>Artikel auf dieser Website k\u00f6nnen eingebettete Inhalte enthalten (z. B. Videos, Bilder, Artikel usw.). Eingebettete Inhalte von anderen Websites verhalten sich genauso, als ob der Besucher die andere Website besucht h\u00e4tte. Diese Websites k\u00f6nnen Daten \u00fcber Sie sammeln, Cookies verwenden, zus\u00e4tzliches Tracking von Drittanbietern einbetten und Ihre Interaktion mit diesem eingebetteten Inhalt \u00fcberwachen, einschlie\u00dflich der Verfolgung Ihrer Interaktion mit dem eingebetteten Inhalt, wenn Sie \u00fcber ein Konto verf\u00fcgen und auf dieser Website angemeldet sind.<\/p>\n<p>&nbsp;<\/p>\n<p><span class=\"subtitle\">Erhebung von Zugriffsdaten und Logdateien<\/span><\/p>\n<p>Wir bzw. unser Hostinganbieter erheben die Daten auf Grundlage unserer berechtigten Interessen im Sinne des Art. 6 Abs. 1 lit. f DSGVO. 6 Abs. 1 lit. F. DSGVO Daten \u00fcber jeden Zugriff auf den Server, auf dem sich dieser Dienst befindet (sog. Server-Logfiles). Zu den Zugriffsdaten geh\u00f6ren Name der abgerufenen Webseite, Datei, Datum und Uhrzeit des Abrufs, \u00fcbertragene Datenmenge, Meldung \u00fcber erfolgreichen Abruf, Browsertyp nebst Version, das Betriebssystem des Nutzers, Referrer URL (die zuvor besuchte Seite), IP Adresse und den anfragenden Provider.<\/p>\n<p>&nbsp;<\/p>\n<p><span class=\"subtitle\">Welche Rechte Sie an Ihren Daten haben<\/span><\/p>\n<p>Wenn Sie ein Konto auf dieser Website haben oder Kommentare hinterlassen und Kontaktformulare oder E-Mails verwendet haben, k\u00f6nnen Sie den Erhalt einer exportierten Datei der personenbezogenen Daten anfordern, die wir \u00fcber Sie gespeichert haben, einschlie\u00dflich aller Daten, die Sie uns zur Verf\u00fcgung gestellt haben. Sie k\u00f6nnen auch verlangen, dass wir alle personenbezogenen Daten, die wir \u00fcber Sie gespeichert haben, l\u00f6schen. Hiervon ausgenommen sind Daten, zu deren Aufbewahrung wir aus administrativen, rechtlichen oder Sicherheitsgr\u00fcnden verpflichtet sind.<br \/>\nPlease e-mail sail@anchorcroatia for all requests.<\/p>\n<p>&nbsp;<\/p>\n<p><span class=\"subtitle\">Sie akzeptieren diese Bedingungen<\/span><\/p>\n<p>Durch die Nutzung dieser Website erkl\u00e4ren Sie Ihr Einverst\u00e4ndnis mit der Datenschutzrichtlinie von Anchor Yachting d.o.o. Wenn Sie dieser Richtlinie nicht zustimmen, nutzen Sie unsere Websites bitte nicht. Ihre fortgesetzte Nutzung des Anchor Yachting d.o.o. Nach der Ver\u00f6ffentlichung von \u00c4nderungen an diesen Bedingungen bedeutet dies, dass Sie diese \u00c4nderungen akzeptieren.<br \/>\nWe ask that you contact us immediately if you have any concerns about Anchor Yachting d.o.o. web site or believe that any information you have provided to us has been used in a manner other than as described above.<\/p>","protected":false},"excerpt":{"rendered":"<p>Anchor Croatia Privacy Policy &nbsp; This Personal Data Protection Statement by Anchor Yachting d.o.o. shall apply from 29 August 2020, and it is based on the General Data Protection Regulation. This Statement explains what data we collect, for which purposes we use them and how we manage them. In charge of data processing: Anchor Yachting [&hellip;]<\/p>","protected":false},"author":1,"featured_media":0,"parent":0,"menu_order":4,"comment_status":"closed","ping_status":"closed","template":"","meta":{"_acf_changed":false,"footnotes":""},"class_list":["post-1119","page","type-page","status-publish","hentry"],"acf":[],"yoast_head":"<!-- This site is optimized with the Yoast SEO plugin v23.1 - https:\/\/yoast.com\/wordpress\/plugins\/seo\/ -->\n<title>Privacy Policy - Anchor Croatia - Luxury Yacht Rentals<\/title>\n<meta name=\"description\" content=\"This Personal Data Protection Statement by Anchor Yachting d.o.o. shall apply from 29 August 2020 and is based on the GDPR.\" \/>\n<meta name=\"robots\" content=\"index, follow, max-snippet:-1, max-image-preview:large, max-video-preview:-1\" \/>\n<link rel=\"canonical\" href=\"https:\/\/www.anchorcroatia.com\/de\/anchor-croatia-privacy-policy\/\" \/>\n<meta property=\"og:locale\" content=\"de_DE\" \/>\n<meta property=\"og:type\" content=\"article\" \/>\n<meta property=\"og:title\" content=\"Privacy Policy - Anchor Croatia - Luxury Yacht Rentals\" \/>\n<meta property=\"og:description\" content=\"This Personal Data Protection Statement by Anchor Yachting d.o.o. shall apply from 29 August 2020 and is based on the GDPR.\" \/>\n<meta property=\"og:url\" content=\"https:\/\/www.anchorcroatia.com\/de\/anchor-croatia-privacy-policy\/\" \/>\n<meta property=\"og:site_name\" content=\"Anchor Croatia - Luxury Yacht Rentals\" \/>\n<meta property=\"article:publisher\" content=\"https:\/\/www.facebook.com\/anchorcroatia\/\" \/>\n<meta property=\"article:modified_time\" content=\"2024-08-27T06:25:40+00:00\" \/>\n<meta name=\"twitter:card\" content=\"summary_large_image\" \/>\n<meta name=\"twitter:site\" content=\"@anchorcroatia\" \/>\n<meta name=\"twitter:label1\" content=\"Gesch\u00e4tzte Lesezeit\" \/>\n\t<meta name=\"twitter:data1\" content=\"7\u00a0Minuten\" \/>\n<script type=\"application\/ld+json\" class=\"yoast-schema-graph\">{\"@context\":\"https:\/\/schema.org\",\"@graph\":[{\"@type\":\"WebPage\",\"@id\":\"https:\/\/www.anchorcroatia.com\/anchor-croatia-privacy-policy\/\",\"url\":\"https:\/\/www.anchorcroatia.com\/anchor-croatia-privacy-policy\/\",\"name\":\"Privacy Policy - Anchor Croatia - Luxury Yacht Rentals\",\"isPartOf\":{\"@id\":\"https:\/\/www.anchorcroatia.com\/#website\"},\"datePublished\":\"2020-09-03T13:39:56+00:00\",\"dateModified\":\"2024-08-27T06:25:40+00:00\",\"description\":\"This Personal Data Protection Statement by Anchor Yachting d.o.o. shall apply from 29 August 2020 and is based on the GDPR.\",\"breadcrumb\":{\"@id\":\"https:\/\/www.anchorcroatia.com\/anchor-croatia-privacy-policy\/#breadcrumb\"},\"inLanguage\":\"de\",\"potentialAction\":[{\"@type\":\"ReadAction\",\"target\":[\"https:\/\/www.anchorcroatia.com\/anchor-croatia-privacy-policy\/\"]}]},{\"@type\":\"BreadcrumbList\",\"@id\":\"https:\/\/www.anchorcroatia.com\/anchor-croatia-privacy-policy\/#breadcrumb\",\"itemListElement\":[{\"@type\":\"ListItem\",\"position\":1,\"name\":\"Home\",\"item\":\"https:\/\/www.anchorcroatia.com\/\"},{\"@type\":\"ListItem\",\"position\":2,\"name\":\"Anchor Croatia Privacy Policy\"}]},{\"@type\":\"WebSite\",\"@id\":\"https:\/\/www.anchorcroatia.com\/#website\",\"url\":\"https:\/\/www.anchorcroatia.com\/\",\"name\":\"Anchor Croatia - Luxury Yacht Rentals\",\"description\":\"Yachts for rent in Croatia\",\"publisher\":{\"@id\":\"https:\/\/www.anchorcroatia.com\/#organization\"},\"potentialAction\":[{\"@type\":\"SearchAction\",\"target\":{\"@type\":\"EntryPoint\",\"urlTemplate\":\"https:\/\/www.anchorcroatia.com\/?s={search_term_string}\"},\"query-input\":\"required name=search_term_string\"}],\"inLanguage\":\"de\"},{\"@type\":\"Organization\",\"@id\":\"https:\/\/www.anchorcroatia.com\/#organization\",\"name\":\"Anchor Croatia - Luxury Yacht Rentals\",\"url\":\"https:\/\/www.anchorcroatia.com\/\",\"logo\":{\"@type\":\"ImageObject\",\"inLanguage\":\"de\",\"@id\":\"https:\/\/www.anchorcroatia.com\/#\/schema\/logo\/image\/\",\"url\":\"https:\/\/www.anchorcroatia.com\/wp-content\/uploads\/2023\/01\/Croatia-Source-Files-1.jpg\",\"contentUrl\":\"https:\/\/www.anchorcroatia.com\/wp-content\/uploads\/2023\/01\/Croatia-Source-Files-1.jpg\",\"width\":1920,\"height\":1213,\"caption\":\"Anchor Croatia - Luxury Yacht Rentals\"},\"image\":{\"@id\":\"https:\/\/www.anchorcroatia.com\/#\/schema\/logo\/image\/\"},\"sameAs\":[\"https:\/\/www.facebook.com\/anchorcroatia\/\",\"https:\/\/x.com\/anchorcroatia\",\"https:\/\/www.tripadvisor.com\/Attraction_Review-g295370-d19939404-Reviews-Anchor_Croatia-Split_Split_Dalmatia_County_Dalmatia.html\",\"https:\/\/www.instagram.com\/theanchorcroatia\/\"]}]}<\/script>\n<!-- \/ Yoast SEO plugin. -->","yoast_head_json":{"title":"Privacy Policy - Anchor Croatia - Luxury Yacht Rentals","description":"This Personal Data Protection Statement by Anchor Yachting d.o.o. shall apply from 29 August 2020 and is based on the GDPR.","robots":{"index":"index","follow":"follow","max-snippet":"max-snippet:-1","max-image-preview":"max-image-preview:large","max-video-preview":"max-video-preview:-1"},"canonical":"https:\/\/www.anchorcroatia.com\/de\/anchor-croatia-privacy-policy\/","og_locale":"de_DE","og_type":"article","og_title":"Privacy Policy - Anchor Croatia - Luxury Yacht Rentals","og_description":"This Personal Data Protection Statement by Anchor Yachting d.o.o. shall apply from 29 August 2020 and is based on the GDPR.","og_url":"https:\/\/www.anchorcroatia.com\/de\/anchor-croatia-privacy-policy\/","og_site_name":"Anchor Croatia - Luxury Yacht Rentals","article_publisher":"https:\/\/www.facebook.com\/anchorcroatia\/","article_modified_time":"2024-08-27T06:25:40+00:00","twitter_card":"summary_large_image","twitter_site":"@anchorcroatia","twitter_misc":{"Gesch\u00e4tzte Lesezeit":"7\u00a0Minuten"},"schema":{"@context":"https:\/\/schema.org","@graph":[{"@type":"WebPage","@id":"https:\/\/www.anchorcroatia.com\/anchor-croatia-privacy-policy\/","url":"https:\/\/www.anchorcroatia.com\/anchor-croatia-privacy-policy\/","name":"Privacy Policy - Anchor Croatia - Luxury Yacht Rentals","isPartOf":{"@id":"https:\/\/www.anchorcroatia.com\/#website"},"datePublished":"2020-09-03T13:39:56+00:00","dateModified":"2024-08-27T06:25:40+00:00","description":"This Personal Data Protection Statement by Anchor Yachting d.o.o. shall apply from 29 August 2020 and is based on the GDPR.","breadcrumb":{"@id":"https:\/\/www.anchorcroatia.com\/anchor-croatia-privacy-policy\/#breadcrumb"},"inLanguage":"de","potentialAction":[{"@type":"ReadAction","target":["https:\/\/www.anchorcroatia.com\/anchor-croatia-privacy-policy\/"]}]},{"@type":"BreadcrumbList","@id":"https:\/\/www.anchorcroatia.com\/anchor-croatia-privacy-policy\/#breadcrumb","itemListElement":[{"@type":"ListItem","position":1,"name":"Home","item":"https:\/\/www.anchorcroatia.com\/"},{"@type":"ListItem","position":2,"name":"Anchor Croatia Privacy Policy"}]},{"@type":"WebSite","@id":"https:\/\/www.anchorcroatia.com\/#website","url":"https:\/\/www.anchorcroatia.com\/","name":"Anchor Croatia - Luxury Yacht Rentals","description":"Yachts for rent in Croatia","publisher":{"@id":"https:\/\/www.anchorcroatia.com\/#organization"},"potentialAction":[{"@type":"SearchAction","target":{"@type":"EntryPoint","urlTemplate":"https:\/\/www.anchorcroatia.com\/?s={search_term_string}"},"query-input":"required name=search_term_string"}],"inLanguage":"de"},{"@type":"Organization","@id":"https:\/\/www.anchorcroatia.com\/#organization","name":"Anchor Croatia - Luxury Yacht Rentals","url":"https:\/\/www.anchorcroatia.com\/","logo":{"@type":"ImageObject","inLanguage":"de","@id":"https:\/\/www.anchorcroatia.com\/#\/schema\/logo\/image\/","url":"https:\/\/www.anchorcroatia.com\/wp-content\/uploads\/2023\/01\/Croatia-Source-Files-1.jpg","contentUrl":"https:\/\/www.anchorcroatia.com\/wp-content\/uploads\/2023\/01\/Croatia-Source-Files-1.jpg","width":1920,"height":1213,"caption":"Anchor Croatia - Luxury Yacht Rentals"},"image":{"@id":"https:\/\/www.anchorcroatia.com\/#\/schema\/logo\/image\/"},"sameAs":["https:\/\/www.facebook.com\/anchorcroatia\/","https:\/\/x.com\/anchorcroatia","https:\/\/www.tripadvisor.com\/Attraction_Review-g295370-d19939404-Reviews-Anchor_Croatia-Split_Split_Dalmatia_County_Dalmatia.html","https:\/\/www.instagram.com\/theanchorcroatia\/"]}]}},"_links":{"self":[{"href":"https:\/\/www.anchorcroatia.com\/de\/wp-json\/wp\/v2\/pages\/1119"}],"collection":[{"href":"https:\/\/www.anchorcroatia.com\/de\/wp-json\/wp\/v2\/pages"}],"about":[{"href":"https:\/\/www.anchorcroatia.com\/de\/wp-json\/wp\/v2\/types\/page"}],"author":[{"embeddable":true,"href":"https:\/\/www.anchorcroatia.com\/de\/wp-json\/wp\/v2\/users\/1"}],"replies":[{"embeddable":true,"href":"https:\/\/www.anchorcroatia.com\/de\/wp-json\/wp\/v2\/comments?post=1119"}],"version-history":[{"count":4,"href":"https:\/\/www.anchorcroatia.com\/de\/wp-json\/wp\/v2\/pages\/1119\/revisions"}],"predecessor-version":[{"id":11867,"href":"https:\/\/www.anchorcroatia.com\/de\/wp-json\/wp\/v2\/pages\/1119\/revisions\/11867"}],"wp:attachment":[{"href":"https:\/\/www.anchorcroatia.com\/de\/wp-json\/wp\/v2\/media?parent=1119"}],"curies":[{"name":"wp","href":"https:\/\/api.w.org\/{rel}","templated":true}]}}